{"id":619,"date":"2020-12-17T03:47:26","date_gmt":"2020-12-17T06:47:26","guid":{"rendered":"http:\/\/plushair.cl\/landing\/\/?page_id=619"},"modified":"2023-05-26T01:49:12","modified_gmt":"2023-05-26T05:49:12","slug":"suavecito-2","status":"publish","type":"page","link":"https:\/\/plushair.cl\/landing\/suavecito-2\/","title":{"rendered":"Suavecito"},"content":{"rendered":"<p>[et_pb_section fb_built=&#8221;1&#8243; admin_label=&#8221;Hero Section&#8221; _builder_version=&#8221;4.16&#8243; background_color=&#8221;#000000&#8243; custom_padding=&#8221;0|0px|0px|0px&#8221; global_colors_info=&#8221;{}&#8221; da_is_popup=&#8221;off&#8221; da_exit_intent=&#8221;off&#8221; da_has_close=&#8221;on&#8221; da_alt_close=&#8221;off&#8221; da_dark_close=&#8221;off&#8221; da_not_modal=&#8221;on&#8221; da_is_singular=&#8221;off&#8221; da_with_loader=&#8221;off&#8221; da_has_shadow=&#8221;on&#8221; da_disable_devices=&#8221;off|off|off&#8221;][et_pb_row column_structure=&#8221;1_2,1_2&#8243; _builder_version=&#8221;4.16&#8243; max_width=&#8221;100%&#8221; custom_margin=&#8221;|||&#8221; custom_padding=&#8221;0px|0|0px|&#8221; use_custom_width=&#8221;on&#8221; width_unit=&#8221;off&#8221; custom_width_percent=&#8221;100%&#8221; global_colors_info=&#8221;{}&#8221;][et_pb_column type=&#8221;1_2&#8243; _builder_version=&#8221;4.16&#8243; custom_padding=&#8221;100px||100px|8%&#8221; custom_padding_tablet=&#8221;60px|10%|60px|10%&#8221; custom_padding_phone=&#8221;&#8221; custom_padding_last_edited=&#8221;on|tablet&#8221; global_colors_info=&#8221;{}&#8221; padding_tablet=&#8221;60px|10%|60px|10%&#8221; padding_last_edited=&#8221;on|tablet&#8221; custom_padding__hover=&#8221;|||&#8221; padding_phone=&#8221;60px|10%|60px|10%&#8221;][et_pb_text _builder_version=&#8221;4.16&#8243; text_font=&#8221;||||||||&#8221; header_font=&#8221;||||||||&#8221; header_3_font=&#8221;Karla|700||on|||||&#8221; header_3_text_color=&#8221;#c2ab92&#8243; header_3_font_size=&#8221;16px&#8221; header_3_letter_spacing=&#8221;1px&#8221; background_image=&#8221;https:\/\/plushair.cl\/landing\/\/wp-content\/uploads\/2020\/12\/suavecito.png&#8221; text_orientation=&#8221;right&#8221; background_layout=&#8221;dark&#8221; width=&#8221;100%&#8221; max_width=&#8221;29%&#8221; module_alignment=&#8221;right&#8221; min_height=&#8221;100px&#8221; height=&#8221;100px&#8221; custom_margin=&#8221;-53px||23px|||&#8221; locked=&#8221;off&#8221; global_colors_info=&#8221;{}&#8221;][\/et_pb_text][et_pb_text _builder_version=&#8221;4.16&#8243; text_font=&#8221;Yanone Kaffeesatz||||||||&#8221; text_text_color=&#8221;#ffffff&#8221; text_letter_spacing=&#8221;1px&#8221; header_font=&#8221;Yanone Kaffeesatz||||||||&#8221; header_text_align=&#8221;right&#8221; header_2_font=&#8221;Cormorant Garamond||||||||&#8221; header_2_font_size=&#8221;40px&#8221; header_2_line_height=&#8221;1.4em&#8221; header_3_font=&#8221;||||||||&#8221; text_orientation=&#8221;right&#8221; background_layout=&#8221;dark&#8221; max_width=&#8221;600px&#8221; module_alignment=&#8221;right&#8221; custom_margin=&#8221;||-3px|||&#8221; custom_padding=&#8221;|7px||35px|false|false&#8221; locked=&#8221;off&#8221; global_colors_info=&#8221;{}&#8221;]<\/p>\n<p>Suavecito se comprometi\u00f3 desde el principio para convertirse en un fen\u00f3meno cultural.\u00a0<span style=\"font-size: 18px;\">Una empresa dedicada a la cultura y al cuidado personal del hombre.<\/span><\/p>\n<p>Esto es realmente&#8230;Suavecito.<\/p>\n<p>Sus ra\u00edces se centraron principalmente en conectar con las personas y el estilo de vida asociado con el cl\u00e1sico copete de la escena rockabilly.\u00a0Gracias al continuo apoyo de m\u00fasicos, artistas,\u00a0concentraciones de coches locales y festivales de m\u00fasica, Suavecito ha podido asociarse con algo m\u00e1s grande que una pomada o esta escena espec\u00edfica.<\/p>\n<p>Esta marca ya se ha expandido m\u00e1s all\u00e1 de ese mercado original para enfocar la atenci\u00f3n en el aumento de las diferentes tendencias y gustos, con los diferentes tipos de productos y proyectos que ahora se respaldan y comercializan.<\/p>\n<p>[\/et_pb_text][et_pb_social_media_follow disabled_on=&#8221;off|off|off&#8221; _builder_version=&#8221;4.16&#8243; _module_preset=&#8221;default&#8221; text_orientation=&#8221;right&#8221; custom_margin=&#8221;-1px|||||&#8221; custom_padding=&#8221;33px|9px|||false|false&#8221; global_colors_info=&#8221;{}&#8221;][et_pb_social_media_follow_network social_network=&#8221;facebook&#8221; url=&#8221;https:\/\/www.facebook.com\/suavecitochile&#8221; _builder_version=&#8221;4.16&#8243; _module_preset=&#8221;default&#8221; background_color=&#8221;#ba0c2f&#8221; background_enable_color=&#8221;on&#8221; global_colors_info=&#8221;{}&#8221; follow_button=&#8221;off&#8221; url_new_window=&#8221;on&#8221;]facebook[\/et_pb_social_media_follow_network][et_pb_social_media_follow_network social_network=&#8221;instagram&#8221; url=&#8221;https:\/\/www.instagram.com\/suavecitopomade_cl\/&#8221; icon_color=&#8221;#ffffff&#8221; _builder_version=&#8221;4.16&#8243; _module_preset=&#8221;default&#8221; background_color=&#8221;#ba0c2f&#8221; background_enable_color=&#8221;on&#8221; global_colors_info=&#8221;{}&#8221; follow_button=&#8221;off&#8221; url_new_window=&#8221;on&#8221;]instagram[\/et_pb_social_media_follow_network][\/et_pb_social_media_follow][\/et_pb_column][et_pb_column type=&#8221;1_2&#8243; _builder_version=&#8221;4.16&#8243; background_color=&#8221;#212121&#8243; use_background_color_gradient=&#8221;on&#8221; background_color_gradient_stops=&#8221;rgba(33,33,33,0.5) 0%|#212121 100%&#8221; background_color_gradient_start=&#8221;rgba(33,33,33,0.5)&#8221; background_color_gradient_end=&#8221;#212121&#8243; background_image=&#8221;https:\/\/plushair.cl\/landing\/\/wp-content\/uploads\/2021\/01\/suav_port.jpg&#8221; parallax=&#8221;on&#8221; custom_padding=&#8221;100px|8%|100px|&#8221; custom_padding_tablet=&#8221;60px|10%|60px|10%&#8221; custom_padding_phone=&#8221;&#8221; custom_padding_last_edited=&#8221;on|phone&#8221; global_colors_info=&#8221;{}&#8221; padding_tablet=&#8221;60px|10%|60px|10%&#8221; padding_last_edited=&#8221;on|phone&#8221; custom_padding__hover=&#8221;|||&#8221; padding_phone=&#8221;60px|10%|60px|10%&#8221;][et_pb_video src=&#8221;https:\/\/www.youtube.com\/watch?v=EmIRz2aBfyw&#8221; _builder_version=&#8221;4.16&#8243; _module_preset=&#8221;default&#8221; custom_margin=&#8221;3px|-25px||-67px|false|false&#8221; custom_padding=&#8221;|||0px||&#8221; global_colors_info=&#8221;{}&#8221;][\/et_pb_video][\/et_pb_column][\/et_pb_row][\/et_pb_section]<\/p>\n","protected":false},"excerpt":{"rendered":"<p>Suavecito se comprometi\u00f3 desde el principio para convertirse en un fen\u00f3meno cultural.\u00a0Una empresa dedicada a la cultura y al cuidado personal del hombre. Esto es realmente&#8230;Suavecito. Sus ra\u00edces se centraron principalmente en conectar con las personas y el estilo de vida asociado con el cl\u00e1sico copete de la escena rockabilly.\u00a0Gracias al continuo apoyo de m\u00fasicos, [&hellip;]<\/p>\n","protected":false},"author":1,"featured_media":0,"parent":0,"menu_order":0,"comment_status":"closed","ping_status":"closed","template":"","meta":{"_et_pb_use_builder":"on","_et_pb_old_content":"","_et_gb_content_width":"","footnotes":""},"class_list":["post-619","page","type-page","status-publish","hentry"],"_links":{"self":[{"href":"https:\/\/plushair.cl\/landing\/wp-json\/wp\/v2\/pages\/619","targetHints":{"allow":["GET"]}}],"collection":[{"href":"https:\/\/plushair.cl\/landing\/wp-json\/wp\/v2\/pages"}],"about":[{"href":"https:\/\/plushair.cl\/landing\/wp-json\/wp\/v2\/types\/page"}],"author":[{"embeddable":true,"href":"https:\/\/plushair.cl\/landing\/wp-json\/wp\/v2\/users\/1"}],"replies":[{"embeddable":true,"href":"https:\/\/plushair.cl\/landing\/wp-json\/wp\/v2\/comments?post=619"}],"version-history":[{"count":20,"href":"https:\/\/plushair.cl\/landing\/wp-json\/wp\/v2\/pages\/619\/revisions"}],"predecessor-version":[{"id":2116,"href":"https:\/\/plushair.cl\/landing\/wp-json\/wp\/v2\/pages\/619\/revisions\/2116"}],"wp:attachment":[{"href":"https:\/\/plushair.cl\/landing\/wp-json\/wp\/v2\/media?parent=619"}],"curies":[{"name":"wp","href":"https:\/\/api.w.org\/{rel}","templated":true}]}}