{"id":617,"date":"2020-12-17T03:47:25","date_gmt":"2020-12-17T06:47:25","guid":{"rendered":"http:\/\/plushair.cl\/landing\/\/?page_id=617"},"modified":"2023-06-02T03:22:07","modified_gmt":"2023-06-02T07:22:07","slug":"revlon-professional","status":"publish","type":"page","link":"https:\/\/plushair.cl\/landing\/revlon-professional\/","title":{"rendered":"Revlon Professional"},"content":{"rendered":"<p>[et_pb_section fb_built=&#8221;1&#8243; theme_builder_area=&#8221;post_content&#8221; _builder_version=&#8221;4.21.0&#8243; _module_preset=&#8221;default&#8221; custom_padding=&#8221;0px|||||&#8221;][et_pb_row _builder_version=&#8221;4.21.0&#8243; _module_preset=&#8221;default&#8221; theme_builder_area=&#8221;post_content&#8221; make_equal=&#8221;on&#8221; width=&#8221;100%&#8221; max_width=&#8221;2560px&#8221; module_alignment=&#8221;center&#8221; hover_enabled=&#8221;0&#8243; sticky_enabled=&#8221;0&#8243; custom_padding=&#8221;4px|||||&#8221;][et_pb_column _builder_version=&#8221;4.21.0&#8243; _module_preset=&#8221;default&#8221; type=&#8221;4_4&#8243; theme_builder_area=&#8221;post_content&#8221;][et_pb_slider _builder_version=&#8221;4.21.0&#8243; _module_preset=&#8221;default&#8221; theme_builder_area=&#8221;post_content&#8221; hover_enabled=&#8221;0&#8243; sticky_enabled=&#8221;0&#8243; background_color=&#8221;RGBA(255,255,255,0)&#8221; custom_padding=&#8221;138px||69px|||&#8221;][et_pb_slide _builder_version=&#8221;4.21.0&#8243; _module_preset=&#8221;default&#8221; theme_builder_area=&#8221;post_content&#8221; body_text_color=&#8221;#000000&#8243; body_text_align=&#8221;right&#8221; hover_enabled=&#8221;0&#8243; sticky_enabled=&#8221;0&#8243; background_enable_color=&#8221;off&#8221; title_text=&#8221;Grupo 289&#8243; background_image=&#8221;https:\/\/plushair.cl\/landing\/wp-content\/uploads\/2021\/01\/revproport.jpg&#8221; background_enable_image=&#8221;on&#8221; image=&#8221;https:\/\/plushair.cl\/landing\/wp-content\/uploads\/2023\/05\/Grupo-289.png&#8221;]<\/p>\n<div class=\"et_pb_module et_pb_text et_pb_text_1  et_pb_text_align_right et_pb_bg_layout_dark\">\n<div class=\"et_pb_text_inner\">\n<p><span style=\"color: #ffffff;\">Firma Americana, con sede en Nueva York, fundada en 1932 por los hermanos Charles y Joseph Revson, junto con el qu\u00edmico Charles Lachman.\u00a0Revlon Professional es una de las firmas l\u00edder en coloraci\u00f3n, acabado y productos de cuidado del cabello a nivel mundial, los productos de Revlon Professional se venden en seis continentes diferentes y son garant\u00eda de un resultado espectacular.\u00a0<\/span><\/p>\n<p class=\" body-components__text\"><span style=\"color: #ffffff;\">Siempre ha estado al filo de la tendencia. Es una marca eminentemente femenina que ha ido acompa\u00f1ando la evoluci\u00f3n de la mujer en cada una de las d\u00e9cadas y siempre se ha diferenciados por ser una compa\u00f1\u00eda de \u2018primeros\u2019: es la primera compa\u00f1\u00eda global de belleza con una mujer como CEO, fue la primera compa\u00f1\u00eda que lanz\u00f3 un labial indeleble, fue la primera que hizo publicidad con mujeres con pantalones\u2026y siempre ha ido acompa\u00f1ando a la mujer en su tr\u00e1nsito hacia una mujer m\u00e1s independiente, que vive intensamente.<\/span><\/p>\n<p class=\" body-components__text\"><span style=\"color: #ffffff;\">Ahora, la mujer del siglo XXI pide su espacio como actor principal de la sociedad y una marca de belleza que entienda su singularidad y le apoye en revelar esa belleza que lleva dentro, una belleza natural que venga a construir sobre la propia belleza de la mujer.<\/span><\/p>\n<\/div>\n<\/div>\n<p><a href=\"https:\/\/www.facebook.com\/RevlonProfessionalChile\" class=\"icon et_pb_with_border\" title=\"Follow on Facebook\" target=\"_blank\" rel=\"noopener\"><\/a><\/p>\n<p>[\/et_pb_slide][\/et_pb_slider][\/et_pb_column][\/et_pb_row][et_pb_row _builder_version=&#8221;4.21.0&#8243; _module_preset=&#8221;default&#8221; theme_builder_area=&#8221;post_content&#8221; make_equal=&#8221;on&#8221; width=&#8221;100%&#8221; max_width=&#8221;2560px&#8221; module_alignment=&#8221;center&#8221; hover_enabled=&#8221;0&#8243; sticky_enabled=&#8221;0&#8243; custom_padding=&#8221;4px|||||&#8221;][et_pb_column _builder_version=&#8221;4.21.0&#8243; _module_preset=&#8221;default&#8221; type=&#8221;4_4&#8243; theme_builder_area=&#8221;post_content&#8221;][et_pb_video_slider _builder_version=&#8221;4.21.0&#8243; _module_preset=&#8221;default&#8221; theme_builder_area=&#8221;post_content&#8221; hover_enabled=&#8221;0&#8243; sticky_enabled=&#8221;0&#8243;][et_pb_video_slider_item src=&#8221;https:\/\/www.youtube.com\/watch?v=G9q6Yai5VLo&#8221; _builder_version=&#8221;4.21.0&#8243; _module_preset=&#8221;default&#8221; show_image_overlay=&#8221;off&#8221; theme_builder_area=&#8221;post_content&#8221; hover_enabled=&#8221;0&#8243; sticky_enabled=&#8221;0&#8243;][\/et_pb_video_slider_item][\/et_pb_video_slider][\/et_pb_column][\/et_pb_row][\/et_pb_section]<\/p>\n","protected":false},"excerpt":{"rendered":"<p>Firma Americana, con sede en Nueva York, fundada en 1932 por los hermanos Charles y Joseph Revson, junto con el qu\u00edmico Charles Lachman.\u00a0Revlon Professional es una de las firmas l\u00edder en coloraci\u00f3n, acabado y productos de cuidado del cabello a nivel mundial, los productos de Revlon Professional se venden en seis continentes diferentes y son [&hellip;]<\/p>\n","protected":false},"author":1,"featured_media":0,"parent":0,"menu_order":0,"comment_status":"closed","ping_status":"closed","template":"","meta":{"_et_pb_use_builder":"on","_et_pb_old_content":"","_et_gb_content_width":"","footnotes":""},"class_list":["post-617","page","type-page","status-publish","hentry"],"_links":{"self":[{"href":"https:\/\/plushair.cl\/landing\/wp-json\/wp\/v2\/pages\/617","targetHints":{"allow":["GET"]}}],"collection":[{"href":"https:\/\/plushair.cl\/landing\/wp-json\/wp\/v2\/pages"}],"about":[{"href":"https:\/\/plushair.cl\/landing\/wp-json\/wp\/v2\/types\/page"}],"author":[{"embeddable":true,"href":"https:\/\/plushair.cl\/landing\/wp-json\/wp\/v2\/users\/1"}],"replies":[{"embeddable":true,"href":"https:\/\/plushair.cl\/landing\/wp-json\/wp\/v2\/comments?post=617"}],"version-history":[{"count":25,"href":"https:\/\/plushair.cl\/landing\/wp-json\/wp\/v2\/pages\/617\/revisions"}],"predecessor-version":[{"id":2215,"href":"https:\/\/plushair.cl\/landing\/wp-json\/wp\/v2\/pages\/617\/revisions\/2215"}],"wp:attachment":[{"href":"https:\/\/plushair.cl\/landing\/wp-json\/wp\/v2\/media?parent=617"}],"curies":[{"name":"wp","href":"https:\/\/api.w.org\/{rel}","templated":true}]}}