{"id":613,"date":"2020-12-17T03:47:23","date_gmt":"2020-12-17T06:47:23","guid":{"rendered":"http:\/\/plushair.cl\/landing\/\/?page_id=613"},"modified":"2023-06-02T03:04:34","modified_gmt":"2023-06-02T07:04:34","slug":"american-crew-2","status":"publish","type":"page","link":"https:\/\/plushair.cl\/landing\/american-crew-2\/","title":{"rendered":"American Crew"},"content":{"rendered":"<p>[et_pb_section fb_built=&#8221;1&#8243; theme_builder_area=&#8221;post_content&#8221; _builder_version=&#8221;4.21.0&#8243; _module_preset=&#8221;default&#8221; module_alignment=&#8221;center&#8221; width=&#8221;100%&#8221; max_width=&#8221;100%&#8221; min_height=&#8221;100px&#8221; height=&#8221;408px&#8221; max_height=&#8221;1000px&#8221; custom_margin=&#8221;0px|0px|0px|0px|false|false&#8221; custom_padding=&#8221;0px|0px|0px|0px|false|false&#8221; hover_enabled=&#8221;0&#8243; sticky_enabled=&#8221;0&#8243;][et_pb_row _builder_version=&#8221;4.21.0&#8243; _module_preset=&#8221;default&#8221; theme_builder_area=&#8221;post_content&#8221; hover_enabled=&#8221;0&#8243; sticky_enabled=&#8221;0&#8243; width=&#8221;100%&#8221; max_width=&#8221;2560px&#8221; use_custom_gutter=&#8221;on&#8221; make_equal=&#8221;on&#8221; module_alignment=&#8221;center&#8221; min_height=&#8221;100px&#8221; height=&#8221;1000px&#8221; custom_padding=&#8221;||0px|||&#8221;][et_pb_column _builder_version=&#8221;4.21.0&#8243; _module_preset=&#8221;default&#8221; type=&#8221;4_4&#8243; theme_builder_area=&#8221;post_content&#8221;][et_pb_slider _builder_version=&#8221;4.21.0&#8243; _module_preset=&#8221;default&#8221; theme_builder_area=&#8221;post_content&#8221; show_arrows=&#8221;off&#8221; show_pagination=&#8221;off&#8221; background_color=&#8221;#000000&#8243; title_text=&#8221;Businessman hand holding plus sign virtual means to offer positive thing (like benefits, personal development, social network)&#8221; background_image=&#8221;https:\/\/plushair.cl\/landing\/wp-content\/uploads\/2021\/01\/crew_port.jpg&#8221; hover_enabled=&#8221;0&#8243; sticky_enabled=&#8221;0&#8243; body_text_color=&#8221;#FFFFFF&#8221; header_text_align=&#8221;left&#8221; body_text_align=&#8221;justify&#8221; body_line_height=&#8221;1.4em&#8221; module_alignment=&#8221;center&#8221; width=&#8221;100%&#8221; max_width=&#8221;100%&#8221; min_height=&#8221;100px&#8221; content_max_width=&#8221;100%&#8221; custom_margin=&#8221;||0px||false|false&#8221; use_bg_overlay=&#8221;on&#8221; use_text_overlay=&#8221;off&#8221; body_font=&#8221;||||||||&#8221; custom_padding=&#8221;154px||81px|0px|false|false&#8221;][et_pb_slide _builder_version=&#8221;4.21.0&#8243; _module_preset=&#8221;default&#8221; theme_builder_area=&#8221;post_content&#8221; hover_enabled=&#8221;0&#8243; sticky_enabled=&#8221;0&#8243; title_text=&#8221;Grupo 294&#8243; image=&#8221;https:\/\/plushair.cl\/landing\/wp-content\/uploads\/2023\/05\/Grupo-294.png&#8221;]<\/p>\n<div class=\"et_pb_column et_pb_column_1_2 et_pb_column_0  et_pb_css_mix_blend_mode_passthrough\">\n<div class=\"et_pb_module et_pb_text et_pb_text_0  et_pb_text_align_right et_pb_bg_layout_dark\">\n<div class=\"et_pb_text_inner\">\n<p>American Crew es la primera marca de salones de peluquer\u00eda y fue creado especialmente para los hombres y los estilistas que los hombres conf\u00edan.<\/p>\n<p>David Raccuglia es fundador, visionario y fot\u00f3grafo profesional de la marca.\u00a0 \u201c<span>American Crew, se ha convertido en el\u00a0l\u00edder en\u00a0producto de cuidado personal profesional\u201d.<\/span><\/p>\n<p><span>La marca se caracteriza por tener diversas plataformas o \u00e1reas de cuidado espec\u00edfico para el hombre moderno y para cada necesidad.<\/span><\/p>\n<\/div>\n<\/div>\n<p><a href=\"https:\/\/www.facebook.com\/AmericanCrewChile\" class=\"icon et_pb_with_border\" title=\"Follow on Facebook\" target=\"_blank\" rel=\"noopener\"><\/a><\/p>\n<\/div>\n<p>[\/et_pb_slide][\/et_pb_slider][\/et_pb_column][\/et_pb_row][\/et_pb_section][et_pb_section fb_built=&#8221;1&#8243; theme_builder_area=&#8221;post_content&#8221; _builder_version=&#8221;4.21.0&#8243; _module_preset=&#8221;default&#8221; width=&#8221;100%&#8221; max_width=&#8221;100%&#8221; module_alignment=&#8221;center&#8221; min_height=&#8221;100px&#8221; height=&#8221;1000px&#8221; hover_enabled=&#8221;0&#8243; sticky_enabled=&#8221;0&#8243;][et_pb_row _builder_version=&#8221;4.21.0&#8243; _module_preset=&#8221;default&#8221; theme_builder_area=&#8221;post_content&#8221; make_equal=&#8221;on&#8221; width=&#8221;100%&#8221; module_alignment=&#8221;center&#8221; hover_enabled=&#8221;0&#8243; sticky_enabled=&#8221;0&#8243;][et_pb_column _builder_version=&#8221;4.21.0&#8243; _module_preset=&#8221;default&#8221; type=&#8221;4_4&#8243; theme_builder_area=&#8221;post_content&#8221;][et_pb_video src=&#8221;https:\/\/www.youtube.com\/watch?v=Vhe5I2lSohE&#8221; _builder_version=&#8221;4.21.0&#8243; _module_preset=&#8221;default&#8221; theme_builder_area=&#8221;post_content&#8221; play_icon_color=&#8221;#FFFFFF&#8221; width=&#8221;100%&#8221; max_width=&#8221;100%&#8221; module_alignment=&#8221;center&#8221; min_height=&#8221;1000px&#8221; height=&#8221;1000px&#8221; hover_enabled=&#8221;0&#8243; sticky_enabled=&#8221;0&#8243;][\/et_pb_video][\/et_pb_column][\/et_pb_row][\/et_pb_section]<\/p>\n","protected":false},"excerpt":{"rendered":"<p>American Crew es la primera marca de salones de peluquer\u00eda y fue creado especialmente para los hombres y los estilistas que los hombres conf\u00edan. David Raccuglia es fundador, visionario y fot\u00f3grafo profesional de la marca.\u00a0 \u201cAmerican Crew, se ha convertido en el\u00a0l\u00edder en\u00a0producto de cuidado personal profesional\u201d. La marca se caracteriza por tener diversas plataformas [&hellip;]<\/p>\n","protected":false},"author":1,"featured_media":0,"parent":0,"menu_order":0,"comment_status":"closed","ping_status":"closed","template":"","meta":{"_et_pb_use_builder":"on","_et_pb_old_content":"","_et_gb_content_width":"","footnotes":""},"class_list":["post-613","page","type-page","status-publish","hentry"],"_links":{"self":[{"href":"https:\/\/plushair.cl\/landing\/wp-json\/wp\/v2\/pages\/613","targetHints":{"allow":["GET"]}}],"collection":[{"href":"https:\/\/plushair.cl\/landing\/wp-json\/wp\/v2\/pages"}],"about":[{"href":"https:\/\/plushair.cl\/landing\/wp-json\/wp\/v2\/types\/page"}],"author":[{"embeddable":true,"href":"https:\/\/plushair.cl\/landing\/wp-json\/wp\/v2\/users\/1"}],"replies":[{"embeddable":true,"href":"https:\/\/plushair.cl\/landing\/wp-json\/wp\/v2\/comments?post=613"}],"version-history":[{"count":45,"href":"https:\/\/plushair.cl\/landing\/wp-json\/wp\/v2\/pages\/613\/revisions"}],"predecessor-version":[{"id":2213,"href":"https:\/\/plushair.cl\/landing\/wp-json\/wp\/v2\/pages\/613\/revisions\/2213"}],"wp:attachment":[{"href":"https:\/\/plushair.cl\/landing\/wp-json\/wp\/v2\/media?parent=613"}],"curies":[{"name":"wp","href":"https:\/\/api.w.org\/{rel}","templated":true}]}}