{"id":374,"date":"2020-12-14T16:53:45","date_gmt":"2020-12-14T19:53:45","guid":{"rendered":"http:\/\/plushair.cl\/landing\/\/?page_id=374"},"modified":"2023-08-21T20:43:49","modified_gmt":"2023-08-22T00:43:49","slug":"inicio","status":"publish","type":"page","link":"https:\/\/plushair.cl\/landing\/","title":{"rendered":"Inicio"},"content":{"rendered":"<p>[et_pb_section fb_built=&#8221;1&#8243; _builder_version=&#8221;4.21.0&#8243; _module_preset=&#8221;default&#8221; background_color=&#8221;RGBA(255,255,255,0)&#8221; background_video_mp4=&#8221;https:\/\/plushair.cl\/landing\/\/wp-content\/uploads\/2021\/01\/PLUS21.mp4&#8243; background_video_pause_outside_viewport=&#8221;off&#8221; width=&#8221;100%&#8221; max_width=&#8221;100%&#8221; module_alignment=&#8221;center&#8221; min_height=&#8221;100px&#8221; height=&#8221;506px&#8221; max_height=&#8221;1000px&#8221; overflow-x=&#8221;visible&#8221; overflow-y=&#8221;visible&#8221; custom_margin=&#8221;10px|0px|0px|0px|false|false&#8221; custom_padding=&#8221;10px|0px|10px|0px|true|false&#8221; top_divider_color=&#8221;#000000&#8243; top_divider_repeat=&#8221;1x&#8221; top_divider_flip=&#8221;horizontal|vertical&#8221; hover_transition_speed_curve=&#8221;ease-in-out&#8221; background_last_edited=&#8221;on|phone&#8221; background_video_pause_outside_viewport_phone=&#8221;off&#8221; border_color_all=&#8221;RGBA(255,255,255,0)&#8221; global_colors_info=&#8221;{}&#8221;][et_pb_row _builder_version=&#8221;4.16&#8243; _module_preset=&#8221;default&#8221; max_width=&#8221;140px&#8221; module_alignment=&#8221;left&#8221; min_height=&#8221;100px&#8221; height=&#8221;100px&#8221; max_height=&#8221;100px&#8221; custom_margin=&#8221;|1186px||auto||&#8221; global_colors_info=&#8221;{}&#8221;][et_pb_column type=&#8221;4_4&#8243; _builder_version=&#8221;4.16&#8243; _module_preset=&#8221;default&#8221; global_colors_info=&#8221;{}&#8221;][et_pb_image src=&#8221;https:\/\/plushair.cl\/landing\/wp-content\/uploads\/2023\/08\/admin-ajax-1.png&#8221; title_text=&#8221;admin-ajax (1)&#8221; url=&#8221;https:\/\/cursos.plushair.cl\/&#8221; url_new_window=&#8221;on&#8221; _builder_version=&#8221;4.22.1&#8243; _module_preset=&#8221;default&#8221; custom_margin=&#8221;|||0px||&#8221; hover_enabled=&#8221;0&#8243; global_colors_info=&#8221;{}&#8221; sticky_enabled=&#8221;0&#8243;][\/et_pb_image][\/et_pb_column][\/et_pb_row][\/et_pb_section][et_pb_section fb_built=&#8221;1&#8243; _builder_version=&#8221;4.21.0&#8243; _module_preset=&#8221;default&#8221; background_color=&#8221;RGBA(255,255,255,0)&#8221; background_enable_image=&#8221;off&#8221; positioning=&#8221;none&#8221; z_index=&#8221;0&#8243; width=&#8221;100%&#8221; max_width=&#8221;100%&#8221; module_alignment=&#8221;center&#8221; min_height=&#8221;100px&#8221; height=&#8221;128px&#8221; max_height=&#8221;1000px&#8221; custom_margin=&#8221;36px|0px|0px|0px|false|false&#8221; custom_padding=&#8221;0px|0px|0px|0px|false|false&#8221; global_colors_info=&#8221;{}&#8221;][et_pb_row column_structure=&#8221;1_6,1_6,1_6,1_6,1_6,1_6&#8243; use_custom_gutter=&#8221;on&#8221; gutter_width=&#8221;4&#8243; make_equal=&#8221;on&#8221; disabled_on=&#8221;on|on|off&#8221; _builder_version=&#8221;4.21.0&#8243; _module_preset=&#8221;default&#8221; width=&#8221;100%&#8221; module_alignment=&#8221;center&#8221; min_height=&#8221;100px&#8221; height=&#8221;100px&#8221; max_height=&#8221;1000px&#8221; custom_margin=&#8221;0px|auto|-101px|auto|false|false&#8221; custom_padding=&#8221;20px|30px|0px|30px|false|false&#8221; global_colors_info=&#8221;{}&#8221;][et_pb_column type=&#8221;1_6&#8243; _builder_version=&#8221;4.21.0&#8243; _module_preset=&#8221;default&#8221; global_colors_info=&#8221;{}&#8221;][et_pb_image src=&#8221;https:\/\/plushair.cl\/landing\/wp-content\/uploads\/2023\/05\/Grupo-705.png&#8221; title_text=&#8221;Grupo 705&#8243; align=&#8221;center&#8221; _builder_version=&#8221;4.21.0&#8243; _module_preset=&#8221;default&#8221; module_alignment=&#8221;center&#8221; filter_contrast=&#8221;103%&#8221; filter_invert=&#8221;100%&#8221; global_colors_info=&#8221;{}&#8221;][\/et_pb_image][\/et_pb_column][et_pb_column type=&#8221;1_6&#8243; _builder_version=&#8221;4.21.0&#8243; _module_preset=&#8221;default&#8221; global_colors_info=&#8221;{}&#8221;][et_pb_image src=&#8221;https:\/\/plushair.cl\/landing\/wp-content\/uploads\/2023\/05\/Grupo-294.png&#8221; title_text=&#8221;Grupo 294&#8243; _builder_version=&#8221;4.21.0&#8243; _module_preset=&#8221;default&#8221; filter_invert=&#8221;100%&#8221; global_colors_info=&#8221;{}&#8221;][\/et_pb_image][\/et_pb_column][et_pb_column type=&#8221;1_6&#8243; _builder_version=&#8221;4.21.0&#8243; _module_preset=&#8221;default&#8221; global_colors_info=&#8221;{}&#8221;][et_pb_image src=&#8221;https:\/\/plushair.cl\/landing\/wp-content\/uploads\/2023\/05\/Grupo-291.png&#8221; title_text=&#8221;Grupo 291&#8243; _builder_version=&#8221;4.21.0&#8243; _module_preset=&#8221;default&#8221; filter_invert=&#8221;100%&#8221; global_colors_info=&#8221;{}&#8221;][\/et_pb_image][\/et_pb_column][et_pb_column type=&#8221;1_6&#8243; _builder_version=&#8221;4.21.0&#8243; _module_preset=&#8221;default&#8221; global_colors_info=&#8221;{}&#8221;][et_pb_image src=&#8221;https:\/\/plushair.cl\/landing\/wp-content\/uploads\/2023\/05\/Grupo-289.png&#8221; title_text=&#8221;Grupo 289&#8243; _builder_version=&#8221;4.21.0&#8243; _module_preset=&#8221;default&#8221; filter_invert=&#8221;100%&#8221; global_colors_info=&#8221;{}&#8221;][\/et_pb_image][\/et_pb_column][et_pb_column type=&#8221;1_6&#8243; _builder_version=&#8221;4.21.0&#8243; _module_preset=&#8221;default&#8221; global_colors_info=&#8221;{}&#8221;][et_pb_image src=&#8221;https:\/\/plushair.cl\/landing\/wp-content\/uploads\/2023\/05\/Grupo-285-1.png&#8221; title_text=&#8221;Grupo 285&#8243; _builder_version=&#8221;4.21.0&#8243; _module_preset=&#8221;default&#8221; filter_invert=&#8221;100%&#8221; global_colors_info=&#8221;{}&#8221;][\/et_pb_image][\/et_pb_column][et_pb_column type=&#8221;1_6&#8243; _builder_version=&#8221;4.21.0&#8243; _module_preset=&#8221;default&#8221; global_colors_info=&#8221;{}&#8221;][et_pb_image src=&#8221;https:\/\/plushair.cl\/landing\/wp-content\/uploads\/2023\/05\/Grupo-287-1.png&#8221; title_text=&#8221;Grupo 287&#8243; _builder_version=&#8221;4.21.0&#8243; _module_preset=&#8221;default&#8221; filter_invert=&#8221;100%&#8221; global_colors_info=&#8221;{}&#8221;][\/et_pb_image][\/et_pb_column][\/et_pb_row][\/et_pb_section][et_pb_section fb_built=&#8221;1&#8243; fullwidth=&#8221;on&#8221; _builder_version=&#8221;4.21.0&#8243; _module_preset=&#8221;default&#8221; global_colors_info=&#8221;{}&#8221;][et_pb_fullwidth_slider show_arrows=&#8221;off&#8221; show_pagination=&#8221;off&#8221; _builder_version=&#8221;4.21.0&#8243; _module_preset=&#8221;default&#8221; header_level=&#8221;h1&#8243; header_font=&#8221;Roboto Condensed|700||on|||||&#8221; header_text_align=&#8221;center&#8221; header_text_color=&#8221;#BA0C2F&#8221; body_font=&#8221;Roboto Condensed||||||||&#8221; body_text_align=&#8221;center&#8221; body_text_color=&#8221;#FFFFFF&#8221; custom_margin=&#8221;24px|||||&#8221; custom_padding=&#8221;68px||56px|||&#8221; animation_style=&#8221;fade&#8221; auto=&#8221;on&#8221; auto_ignore_hover=&#8221;on&#8221; global_colors_info=&#8221;{}&#8221;][et_pb_slide heading=&#8221;Nosotros&#8221; _builder_version=&#8221;4.21.0&#8243; _module_preset=&#8221;default&#8221; header_font_size=&#8221;30px&#8221; background_color=&#8221;#000000&#8243; background_enable_color=&#8221;on&#8221; global_colors_info=&#8221;{}&#8221; sticky_transition=&#8221;on&#8221;]<\/p>\n<h3 style=\"text-align: center;\"><span style=\"color: #ffffff;\">Somos una empresa experta en el desarrollo y en la representacio\u0301n de exitosas marcas de belleza, acercando productos de primera calidad a los consumidores de latinoam\u00e9rica.<\/span><\/h3>\n<p>[\/et_pb_slide][et_pb_slide heading=&#8221;Somos&#8221; _builder_version=&#8221;4.21.0&#8243; _module_preset=&#8221;default&#8221; header_text_align=&#8221;center&#8221; header_font_size=&#8221;30px&#8221; background_color=&#8221;#000000&#8243; background_enable_color=&#8221;on&#8221; global_colors_info=&#8221;{}&#8221; sticky_transition=&#8221;on&#8221;]<\/p>\n<h4 style=\"text-align: center;\"><span style=\"color: #ffffff;\">Aliados estrat\u00e9gicos, de importantes marcas internacionales permiti\u00e9ndoles que por intermedio de nuestra plataforma, ingresen y se desarrollen en nuestros respectivos mercados.<\/span><\/h4>\n<p>[\/et_pb_slide][\/et_pb_fullwidth_slider][\/et_pb_section][et_pb_section fb_built=&#8221;1&#8243; _builder_version=&#8221;4.21.0&#8243; _module_preset=&#8221;default&#8221; background_color=&#8221;#000000&#8243; custom_margin=&#8221;-1px|||||&#8221; custom_padding=&#8221;10px|||||&#8221; global_colors_info=&#8221;{}&#8221;][et_pb_row column_structure=&#8221;1_3,1_3,1_3&#8243; use_custom_gutter=&#8221;on&#8221; gutter_width=&#8221;2&#8243; make_equal=&#8221;on&#8221; admin_label=&#8221;About Area&#8221; _builder_version=&#8221;4.21.0&#8243; background_color=&#8221;rgba(0,0,0,0)&#8221; width=&#8221;100%&#8221; max_width=&#8221;2560%&#8221; module_alignment=&#8221;center&#8221; min_height=&#8221;100px&#8221; height=&#8221;550px&#8221; custom_margin=&#8221;-17px|auto|0px|auto|false|false&#8221; custom_padding=&#8221;12px||0px||false|false&#8221; animation_style=&#8221;fade&#8221; border_color_all=&#8221;RGBA(255,255,255,0)&#8221; use_custom_width=&#8221;on&#8221; width_unit=&#8221;off&#8221; custom_width_percent=&#8221;100%&#8221; global_colors_info=&#8221;{}&#8221;][et_pb_column type=&#8221;1_3&#8243; _builder_version=&#8221;4.21.0&#8243; background_color=&#8221;rgba(0,0,0,0)&#8221; background_image=&#8221;https:\/\/plushair.cl\/landing\/\/wp-content\/uploads\/2021\/01\/port.jpg&#8221; background_position=&#8221;top_left&#8221; custom_padding=&#8221;10%|5%|10%|37px|false|false&#8221; filter_brightness=&#8221;99%&#8221; global_colors_info=&#8221;{}&#8221; custom_padding__hover=&#8221;|||&#8221;][et_pb_blurb title=&#8221;Style Hunters&#8221; use_icon=&#8221;on&#8221; font_icon=&#8221;&#xe0f5;||divi||400&#8243; icon_color=&#8221;#FFFFFF&#8221; image_icon_background_color=&#8221;rgba(186,12,47,0.45)&#8221; image_icon_width=&#8221;40px&#8221; _builder_version=&#8221;4.21.0&#8243; _module_preset=&#8221;default&#8221; header_font=&#8221;Yanone Kaffeesatz||||||||&#8221; header_text_align=&#8221;center&#8221; header_text_color=&#8221;#ffffff&#8221; header_font_size=&#8221;40px&#8221; body_font=&#8221;Yanone Kaffeesatz||||||||&#8221; body_text_align=&#8221;center&#8221; body_text_color=&#8221;#FFFFFF&#8221; body_font_size=&#8221;20px&#8221; body_line_height=&#8221;1.4em&#8221; image_icon_custom_padding=&#8221;25px|25px|25px|25px|false|false&#8221; text_orientation=&#8221;center&#8221; background_layout=&#8221;dark&#8221; module_alignment=&#8221;left&#8221; animation_style=&#8221;flip&#8221; border_radii_image=&#8221;on|100%|100%|100%|100%&#8221; border_width_all_image=&#8221;3px&#8221; border_color_all_image=&#8221;#ba0c2f&#8221; icon_font_size=&#8221;40px&#8221; use_circle=&#8221;on&#8221; use_circle_border=&#8221;on&#8221; circle_color=&#8221;rgba(186,12,47,0.78)&#8221; global_colors_info=&#8221;{}&#8221; image_icon_background_color__sticky_enabled=&#8221;#ba0c2f&#8221; image_icon_background_color__sticky=&#8221;#ba0c2f&#8221;]<\/p>\n<h4>M\u00e1s de 10 a\u00f1os seleccionando las mejores marcas del mundo para hacerlas parte de tu vida.<\/h4>\n<p>[\/et_pb_blurb][\/et_pb_column][et_pb_column type=&#8221;1_3&#8243; _builder_version=&#8221;4.21.0&#8243; background_color=&#8221;RGBA(255,255,255,0)&#8221; background_image=&#8221;https:\/\/plushair.cl\/landing\/\/wp-content\/uploads\/2020\/12\/2-1.jpg&#8221; custom_padding=&#8221;10%|5%|10%|5%&#8221; global_colors_info=&#8221;{}&#8221; custom_padding__hover=&#8221;|||&#8221;][et_pb_blurb title=&#8221;Great Partners&#8221; use_icon=&#8221;on&#8221; font_icon=&#8221;&#xe106;||divi||400&#8243; icon_color=&#8221;#FFFFFF&#8221; image_icon_background_color=&#8221;rgba(186,12,47,0.78)&#8221; image_icon_width=&#8221;40px&#8221; _builder_version=&#8221;4.21.0&#8243; _module_preset=&#8221;default&#8221; header_font=&#8221;Yanone Kaffeesatz||||||||&#8221; header_text_align=&#8221;center&#8221; header_text_color=&#8221;#ffffff&#8221; header_font_size=&#8221;40px&#8221; body_font=&#8221;Yanone Kaffeesatz||||||||&#8221; body_text_align=&#8221;center&#8221; body_text_color=&#8221;#ffffff&#8221; image_icon_custom_padding=&#8221;25px|25px|25px|25px|false|false&#8221; text_orientation=&#8221;center&#8221; background_layout=&#8221;dark&#8221; animation_style=&#8221;flip&#8221; border_radii_image=&#8221;on|100%|100%|100%|100%&#8221; border_width_all_image=&#8221;3px&#8221; border_color_all_image=&#8221;#ba0c2f&#8221; icon_font_size=&#8221;40px&#8221; use_circle=&#8221;on&#8221; use_circle_border=&#8221;on&#8221; circle_color=&#8221;rgba(186,12,47,0.78)&#8221; global_colors_info=&#8221;{}&#8221; image_icon_background_color__sticky_enabled=&#8221;#ba0c2f&#8221; image_icon_background_color__sticky=&#8221;#ba0c2f&#8221;]<\/p>\n<h4>Somos una empresa joven, con un enfoque din\u00e1mico, abarcando servicios integrales personalizados y que van de la mano, con la educaci\u00f3n de profesionales de la belleza.<\/h4>\n<p>[\/et_pb_blurb][\/et_pb_column][et_pb_column type=&#8221;1_3&#8243; _builder_version=&#8221;4.21.0&#8243; background_color=&#8221;RGBA(255,255,255,0)&#8221; background_image=&#8221;https:\/\/plushair.cl\/landing\/\/wp-content\/uploads\/2021\/01\/paq.jpg&#8221; custom_padding=&#8221;10%|5%|10%|5%&#8221; global_colors_info=&#8221;{}&#8221; custom_padding__hover=&#8221;|||&#8221;][et_pb_blurb title=&#8221;Supply Chain&#8221; use_icon=&#8221;on&#8221; font_icon=&#8221;&#x5a;||divi||400&#8243; icon_color=&#8221;#FFFFFF&#8221; image_icon_background_color=&#8221;rgba(186,12,47,0.78)&#8221; image_icon_width=&#8221;40px&#8221; _builder_version=&#8221;4.21.0&#8243; _module_preset=&#8221;default&#8221; header_font=&#8221;Yanone Kaffeesatz||||||||&#8221; header_text_align=&#8221;center&#8221; header_text_color=&#8221;#ffffff&#8221; header_font_size=&#8221;40px&#8221; body_font=&#8221;Yanone Kaffeesatz||||||||&#8221; body_text_align=&#8221;center&#8221; body_text_color=&#8221;#ffffff&#8221; image_icon_custom_padding=&#8221;25px|25px|25px|25px|false|false&#8221; text_orientation=&#8221;center&#8221; background_layout=&#8221;dark&#8221; animation_style=&#8221;flip&#8221; border_radii_image=&#8221;on|100%|100%|100%|100%&#8221; border_width_all_image=&#8221;3px&#8221; border_color_all_image=&#8221;#ba0c2f&#8221; icon_font_size=&#8221;40px&#8221; use_circle=&#8221;on&#8221; use_circle_border=&#8221;on&#8221; circle_color=&#8221;rgba(186,12,47,0.78)&#8221; global_colors_info=&#8221;{}&#8221; image_icon_background_color__sticky_enabled=&#8221;#ba0c2f&#8221; image_icon_background_color__sticky=&#8221;#ba0c2f&#8221;]<\/p>\n<h4>Nos preocupamos de obtener un servicio integral. Nuestra cadena de valor va desde el abastecimiento, producci\u00f3n y distribuci\u00f3n, preocup\u00e1ndonos siempre de obtener el control de las existencias hasta el consumidor.<\/h4>\n<p>[\/et_pb_blurb][\/et_pb_column][\/et_pb_row][\/et_pb_section]<\/p>\n","protected":false},"excerpt":{"rendered":"<p>Somos una empresa experta en el desarrollo y en la representacio\u0301n de exitosas marcas de belleza, acercando productos de primera calidad a los consumidores de latinoam\u00e9rica.Aliados estrat\u00e9gicos, de importantes marcas internacionales permiti\u00e9ndoles que por intermedio de nuestra plataforma, ingresen y se desarrollen en nuestros respectivos mercados.M\u00e1s de 10 a\u00f1os seleccionando las mejores marcas del mundo [&hellip;]<\/p>\n","protected":false},"author":1,"featured_media":0,"parent":0,"menu_order":0,"comment_status":"closed","ping_status":"closed","template":"","meta":{"_et_pb_use_builder":"on","_et_pb_old_content":"","_et_gb_content_width":"","footnotes":""},"class_list":["post-374","page","type-page","status-publish","hentry"],"_links":{"self":[{"href":"https:\/\/plushair.cl\/landing\/wp-json\/wp\/v2\/pages\/374","targetHints":{"allow":["GET"]}}],"collection":[{"href":"https:\/\/plushair.cl\/landing\/wp-json\/wp\/v2\/pages"}],"about":[{"href":"https:\/\/plushair.cl\/landing\/wp-json\/wp\/v2\/types\/page"}],"author":[{"embeddable":true,"href":"https:\/\/plushair.cl\/landing\/wp-json\/wp\/v2\/users\/1"}],"replies":[{"embeddable":true,"href":"https:\/\/plushair.cl\/landing\/wp-json\/wp\/v2\/comments?post=374"}],"version-history":[{"count":255,"href":"https:\/\/plushair.cl\/landing\/wp-json\/wp\/v2\/pages\/374\/revisions"}],"predecessor-version":[{"id":2368,"href":"https:\/\/plushair.cl\/landing\/wp-json\/wp\/v2\/pages\/374\/revisions\/2368"}],"wp:attachment":[{"href":"https:\/\/plushair.cl\/landing\/wp-json\/wp\/v2\/media?parent=374"}],"curies":[{"name":"wp","href":"https:\/\/api.w.org\/{rel}","templated":true}]}}