{"id":2131,"date":"2023-05-26T12:23:29","date_gmt":"2023-05-26T16:23:29","guid":{"rendered":"https:\/\/plushair.cl\/landing\/?page_id=2131"},"modified":"2023-08-16T08:58:38","modified_gmt":"2023-08-16T12:58:38","slug":"rp_always_on","status":"publish","type":"page","link":"https:\/\/plushair.cl\/landing\/rp_always_on\/","title":{"rendered":"RP Always On"},"content":{"rendered":"<p>[et_pb_section fb_built=&#8221;1&#8243; fullwidth=&#8221;on&#8221; _builder_version=&#8221;4.22.0&#8243; _module_preset=&#8221;default&#8221; background_color=&#8221;RGBA(255,255,255,0)&#8221; background_image=&#8221;https:\/\/plushair.cl\/landing\/wp-content\/uploads\/2023\/05\/Spotlight-1_22-1-scaled.jpg&#8221; hover_enabled=&#8221;0&#8243; global_colors_info=&#8221;{}&#8221; sticky_enabled=&#8221;0&#8243;][et_pb_fullwidth_slider _builder_version=&#8221;4.22.0&#8243; _module_preset=&#8221;default&#8221; body_font=&#8221;Roboto Condensed|800||on|||||&#8221; body_text_align=&#8221;left&#8221; body_font_size=&#8221;24px&#8221; background_color=&#8221;RGBA(255,255,255,0)&#8221; custom_button=&#8221;on&#8221; button_text_size=&#8221;16px&#8221; button_text_color=&#8221;#FFFFFF&#8221; button_bg_color=&#8221;#BA0C2F&#8221; button_font=&#8221;Roboto Condensed|||on|||||&#8221; button_alignment=&#8221;left&#8221; module_alignment=&#8221;left&#8221; hover_transition_duration=&#8221;150ms&#8221; link_option_url=&#8221;https:\/\/www.revlonproalwayson.com\/login\/signup.php&#8221; link_option_url_new_window=&#8221;on&#8221; hover_enabled=&#8221;0&#8243; global_colors_info=&#8221;{}&#8221; sticky_enabled=&#8221;0&#8243;][et_pb_slide heading=&#8221;BIENVENIDO A #REVLONPRO ALWAYSON&#8221; button_text=&#8221;INSCR\u00cdBETE GRATIS AQU\u00cd&#8221; button_link=&#8221;https:\/\/www.revlonproalwayson.com\/login\/signup.php&#8221; url_new_window=&#8221;on&#8221; _builder_version=&#8221;4.22.0&#8243; _module_preset=&#8221;default&#8221; header_level=&#8221;h1&#8243; header_font=&#8221;Roboto Condensed|700||on|||||&#8221; header_text_align=&#8221;left&#8221; header_font_size=&#8221;95px&#8221; header_letter_spacing=&#8221;0px&#8221; body_font=&#8221;Roboto Condensed|700||on|||||&#8221; body_text_align=&#8221;left&#8221; body_font_size=&#8221;23px&#8221; body_line_height=&#8221;1.1em&#8221; background_color=&#8221;RGBA(255,255,255,0)&#8221; background_enable_color=&#8221;on&#8221; custom_button=&#8221;on&#8221; button_text_color=&#8221;#FFFFFF&#8221; button_font=&#8221;Roboto Condensed|800||on|||||&#8221; button_alignment=&#8221;left&#8221; text_orientation=&#8221;left&#8221; hover_enabled=&#8221;0&#8243; global_colors_info=&#8221;{}&#8221; sticky_transition=&#8221;on&#8221; sticky_enabled=&#8221;0&#8243;]<\/p>\n<p>ELEVA TUS HABILIDADES PROFESIONALES A TRAV\u00c9S DE LA EDUCACI\u00d3N.<\/p>\n<p>APRENDE M\u00c1S SOBRE NOSOTROS \/ APRENDE M\u00c1S SOBRE TI<\/p>\n<p><span style=\"color: #ff0000;\">NO TE OLVIDES DE INGRESAR EL C\u00d3DIGO:<span style=\"color: #ffff00;\"><strong> CHILE<\/strong><\/span><\/span><\/p>\n<p>[\/et_pb_slide][et_pb_slide heading=&#8221;BIENVENIDO A #REVLONPRO ALWAYSON&#8221; button_text=&#8221;INSCR\u00cdBETE GRATIS AQU\u00cd&#8221; button_link=&#8221;https:\/\/www.revlonproalwayson.com\/login\/signup.php&#8221; _builder_version=&#8221;4.22.0&#8243; _module_preset=&#8221;default&#8221; header_level=&#8221;h1&#8243; header_font=&#8221;Roboto Condensed|700||on|||||&#8221; header_text_align=&#8221;left&#8221; header_font_size=&#8221;95px&#8221; body_font=&#8221;Roboto Condensed|700||on|||||&#8221; body_text_align=&#8221;left&#8221; body_font_size=&#8221;23px&#8221; body_line_height=&#8221;1.1em&#8221; background_enable_color=&#8221;off&#8221; background_image=&#8221;https:\/\/plushair.cl\/landing\/wp-content\/uploads\/2023\/05\/desktop-eks-sea-1.jpg&#8221; background_enable_image=&#8221;on&#8221; custom_button=&#8221;on&#8221; button_font=&#8221;Roboto Condensed|700||on|||||&#8221; button_use_icon=&#8221;on&#8221; button_on_hover=&#8221;on&#8221; button_alignment=&#8221;left&#8221; text_orientation=&#8221;left&#8221; link_option_url_new_window=&#8221;on&#8221; hover_enabled=&#8221;0&#8243; global_colors_info=&#8221;{}&#8221; sticky_transition=&#8221;on&#8221; sticky_enabled=&#8221;0&#8243;]<\/p>\n<p>PENSANDO EN TI Y EN TU EMPRESA, NUESTRO CONTENIDO FORMATIVO<\/p>\n<p>TE PERMITIR\u00c1 EXPLORAR NUESTROS TERRITORIOS Y MAXIMIZAR TU TALENTO<\/p>\n<p>CON UNA BUENA DOSIS DE CREATIVIDAD QUE CUBRIR\u00c1 TUS NECESIDADES DIARIAS.<\/p>\n<p><span style=\"color: #ff0000;\"><strong><span style=\"color: #99cc00;\">NO TE OLVIDES DE INGRESAR EL C\u00d3DIGO: CHILE<\/span><\/strong><\/span><\/p>\n<p>[\/et_pb_slide][et_pb_slide heading=&#8221;BIENVENIDOS A #REVLONPRO ALWAYSON&#8221; button_text=&#8221;INSCR\u00cdBETE GRATIS AQU\u00cd&#8221; button_link=&#8221;https:\/\/www.revlonproalwayson.com\/login\/signup.php&#8221; _builder_version=&#8221;4.22.0&#8243; _module_preset=&#8221;default&#8221; header_level=&#8221;h1&#8243; header_font=&#8221;Roboto Condensed|700||on|||||&#8221; header_text_align=&#8221;left&#8221; header_font_size=&#8221;88px&#8221; header_letter_spacing=&#8221;0px&#8221; body_text_align=&#8221;left&#8221; body_font_size=&#8221;24px&#8221; body_line_height=&#8221;1.1em&#8221; background_color=&#8221;RGBA(255,255,255,0)&#8221; background_enable_color=&#8221;on&#8221; background_image=&#8221;https:\/\/plushair.cl\/landing\/wp-content\/uploads\/2023\/05\/desktop-blooming-scaled.jpg&#8221; background_enable_image=&#8221;on&#8221; custom_button=&#8221;on&#8221; button_text_color=&#8221;#FFFFFF&#8221; button_bg_color=&#8221;#BA0C2F&#8221; button_font=&#8221;Roboto Condensed|700||on|||||&#8221; button_use_icon=&#8221;on&#8221; button_alignment=&#8221;left&#8221; text_orientation=&#8221;left&#8221; hover_enabled=&#8221;0&#8243; global_colors_info=&#8221;{}&#8221; sticky_transition=&#8221;on&#8221; sticky_enabled=&#8221;0&#8243;]<\/p>\n<p>TE INVITAMOS A NUESTRO CONTENIDO FORMATIVO<\/p>\n<p>Y CONTRIBUIR\u00c1S A TU DESARROLLO ART\u00cdSTICO Y<\/p>\n<p><strong>NO TE OLVIDES DE INGRESAR EL C\u00d3DIGO: <span style=\"color: #ffff00;\">CHILE<\/span><\/strong><\/p>\n<p>[\/et_pb_slide][\/et_pb_fullwidth_slider][\/et_pb_section][et_pb_section fb_built=&#8221;1&#8243; _builder_version=&#8221;4.21.0&#8243; _module_preset=&#8221;default&#8221; background_color=&#8221;#000000&#8243; custom_padding=&#8221;30px||20px|||&#8221; global_colors_info=&#8221;{}&#8221;][et_pb_row column_structure=&#8221;1_2,1_2&#8243; use_custom_gutter=&#8221;on&#8221; gutter_width=&#8221;2&#8243; make_equal=&#8221;on&#8221; _builder_version=&#8221;4.21.0&#8243; _module_preset=&#8221;default&#8221; width=&#8221;81%&#8221; max_width=&#8221;2560px&#8221; module_alignment=&#8221;center&#8221; custom_margin=&#8221;|auto|30px|auto||&#8221; custom_padding=&#8221;0px||0px|||&#8221; global_colors_info=&#8221;{}&#8221;][et_pb_column type=&#8221;1_2&#8243; _builder_version=&#8221;4.21.0&#8243; _module_preset=&#8221;default&#8221; global_colors_info=&#8221;{}&#8221;][et_pb_video src=&#8221;https:\/\/www.revlonproalwayson.com\/pluginfile.php\/355\/block_html\/content\/REVLON%20ALWAYS%20ON%20cast%20subtit%202.mp4&#8243; image_src=&#8221;https:\/\/plushair.cl\/landing\/wp-content\/uploads\/2023\/06\/Captura-de-pantalla-2023-06-21-a-las-23.40.03.png&#8221; _builder_version=&#8221;4.21.0&#8243; _module_preset=&#8221;default&#8221; global_colors_info=&#8221;{}&#8221;][\/et_pb_video][\/et_pb_column][et_pb_column type=&#8221;1_2&#8243; _builder_version=&#8221;4.21.0&#8243; _module_preset=&#8221;default&#8221; custom_padding=&#8221;1px||||false|false&#8221; global_colors_info=&#8221;{}&#8221;][et_pb_image src=&#8221;https:\/\/plushair.cl\/landing\/wp-content\/uploads\/2023\/06\/Captura-de-pantalla-2023-06-21-a-las-23.31.05.png&#8221; title_text=&#8221;Captura de pantalla 2023-06-21 a la(s) 23.31.05&#8243; show_in_lightbox=&#8221;on&#8221; _builder_version=&#8221;4.21.0&#8243; _module_preset=&#8221;default&#8221; custom_margin=&#8221;10px|||||&#8221; global_colors_info=&#8221;{}&#8221;][\/et_pb_image][\/et_pb_column][\/et_pb_row][\/et_pb_section][et_pb_section fb_built=&#8221;1&#8243; _builder_version=&#8221;4.21.0&#8243; _module_preset=&#8221;default&#8221; background_color=&#8221;#BA0C2F&#8221; width=&#8221;100%&#8221; max_width=&#8221;100%&#8221; module_alignment=&#8221;center&#8221; min_height=&#8221;100px&#8221; height=&#8221;166px&#8221; custom_margin=&#8221;9px||9px|0px|false|false&#8221; custom_padding=&#8221;0px|40px|0px|40px|false|false&#8221; global_colors_info=&#8221;{}&#8221;][et_pb_row column_structure=&#8221;1_3,1_3,1_3&#8243; make_equal=&#8221;on&#8221; _builder_version=&#8221;4.21.0&#8243; _module_preset=&#8221;default&#8221; width=&#8221;100%&#8221; module_alignment=&#8221;center&#8221; custom_padding=&#8221;5px||4px|||&#8221; global_colors_info=&#8221;{}&#8221;][et_pb_column type=&#8221;1_3&#8243; _builder_version=&#8221;4.21.0&#8243; _module_preset=&#8221;default&#8221; link_option_url=&#8221;https:\/\/www.revlonproalwayson.com\/totara\/catalog\/index.php&#8221; link_option_url_new_window=&#8221;on&#8221; global_colors_info=&#8221;{}&#8221;][et_pb_image src=&#8221;https:\/\/plushair.cl\/landing\/wp-content\/uploads\/2023\/06\/Captura-de-pantalla-2023-06-16-a-las-14.43.58.png&#8221; title_text=&#8221;Captura de pantalla 2023-06-16 a la(s) 14.43.58&#8243; align=&#8221;center&#8221; force_fullwidth=&#8221;on&#8221; _builder_version=&#8221;4.21.0&#8243; _module_preset=&#8221;default&#8221; min_height=&#8221;100px&#8221; global_colors_info=&#8221;{}&#8221;][\/et_pb_image][\/et_pb_column][et_pb_column type=&#8221;1_3&#8243; _builder_version=&#8221;4.21.0&#8243; _module_preset=&#8221;default&#8221; link_option_url=&#8221;https:\/\/www.revlonproalwayson.com\/totara\/catalog\/index.php&#8221; link_option_url_new_window=&#8221;on&#8221; global_colors_info=&#8221;{}&#8221;][et_pb_image src=&#8221;https:\/\/plushair.cl\/landing\/wp-content\/uploads\/2023\/06\/Captura-de-pantalla-2023-06-16-a-las-14.44.14-1.png&#8221; title_text=&#8221;Captura de pantalla 2023-06-16 a la(s) 14.44.14&#8243; _builder_version=&#8221;4.21.0&#8243; _module_preset=&#8221;default&#8221; global_colors_info=&#8221;{}&#8221;][\/et_pb_image][\/et_pb_column][et_pb_column type=&#8221;1_3&#8243; _builder_version=&#8221;4.21.0&#8243; _module_preset=&#8221;default&#8221; link_option_url=&#8221;https:\/\/www.revlonproalwayson.com\/totara\/catalog\/index.php&#8221; link_option_url_new_window=&#8221;on&#8221; global_colors_info=&#8221;{}&#8221;][et_pb_image src=&#8221;https:\/\/plushair.cl\/landing\/wp-content\/uploads\/2023\/06\/Captura-de-pantalla-2023-06-16-a-las-14.43.44.png&#8221; title_text=&#8221;Captura de pantalla 2023-06-16 a la(s) 14.43.44&#8243; _builder_version=&#8221;4.21.0&#8243; _module_preset=&#8221;default&#8221; global_colors_info=&#8221;{}&#8221;][\/et_pb_image][\/et_pb_column][\/et_pb_row][\/et_pb_section][et_pb_section fb_built=&#8221;1&#8243; _builder_version=&#8221;4.21.0&#8243; _module_preset=&#8221;default&#8221; width=&#8221;100%&#8221; module_alignment=&#8221;center&#8221; custom_padding=&#8221;2px|||||&#8221; global_colors_info=&#8221;{}&#8221;][et_pb_row column_structure=&#8221;1_2,1_2&#8243; use_custom_gutter=&#8221;on&#8221; make_equal=&#8221;on&#8221; _builder_version=&#8221;4.21.0&#8243; _module_preset=&#8221;default&#8221; width=&#8221;100%&#8221; custom_padding=&#8221;0px|||||&#8221; global_colors_info=&#8221;{}&#8221;][et_pb_column type=&#8221;1_2&#8243; _builder_version=&#8221;4.21.0&#8243; _module_preset=&#8221;default&#8221; global_colors_info=&#8221;{}&#8221;][et_pb_image src=&#8221;https:\/\/plushair.cl\/landing\/wp-content\/uploads\/2023\/06\/Captura-de-pantalla-2023-06-16-a-las-14.58.33.png&#8221; title_text=&#8221;Captura de pantalla 2023-06-16 a la(s) 14.58.33&#8243; _builder_version=&#8221;4.21.0&#8243; _module_preset=&#8221;default&#8221; global_colors_info=&#8221;{}&#8221;][\/et_pb_image][\/et_pb_column][et_pb_column type=&#8221;1_2&#8243; _builder_version=&#8221;4.21.0&#8243; _module_preset=&#8221;default&#8221; global_colors_info=&#8221;{}&#8221;][et_pb_video_slider show_image_overlay=&#8221;on&#8221; show_thumbnails=&#8221;off&#8221; _builder_version=&#8221;4.21.0&#8243; _module_preset=&#8221;default&#8221; global_colors_info=&#8221;{}&#8221;][et_pb_video_slider_item src=&#8221;https:\/\/www.revlonproalwayson.com\/pluginfile.php\/358\/block_html\/content\/16505_20221208-Revlon-Reveal-Brand-Spotlight-01-HR__1__AdobeExpress.mp4&#8243; image_src=&#8221;https:\/\/plushair.cl\/landing\/wp-content\/uploads\/2023\/06\/education-presencial-courses-preview-1.webp&#8221; play_icon_color=&#8221;#BA0C2F&#8221; use_icon_font_size=&#8221;on&#8221; _builder_version=&#8221;4.21.0&#8243; _module_preset=&#8221;default&#8221; global_colors_info=&#8221;{}&#8221; show_image_overlay=&#8221;on&#8221;][\/et_pb_video_slider_item][\/et_pb_video_slider][\/et_pb_column][\/et_pb_row][\/et_pb_section]<\/p>\n","protected":false},"excerpt":{"rendered":"<p>ELEVA TUS HABILIDADES PROFESIONALES A TRAV\u00c9S DE LA EDUCACI\u00d3N. APRENDE M\u00c1S SOBRE NOSOTROS \/ APRENDE M\u00c1S SOBRE TI NO TE OLVIDES DE INGRESAR EL C\u00d3DIGO: CHILEPENSANDO EN TI Y EN TU EMPRESA, NUESTRO CONTENIDO FORMATIVO TE PERMITIR\u00c1 EXPLORAR NUESTROS TERRITORIOS Y MAXIMIZAR TU TALENTO CON UNA BUENA DOSIS DE CREATIVIDAD QUE CUBRIR\u00c1 TUS NECESIDADES DIARIAS. [&hellip;]<\/p>\n","protected":false},"author":1,"featured_media":0,"parent":0,"menu_order":0,"comment_status":"closed","ping_status":"closed","template":"","meta":{"_et_pb_use_builder":"on","_et_pb_old_content":"","_et_gb_content_width":"","footnotes":""},"class_list":["post-2131","page","type-page","status-publish","hentry"],"_links":{"self":[{"href":"https:\/\/plushair.cl\/landing\/wp-json\/wp\/v2\/pages\/2131","targetHints":{"allow":["GET"]}}],"collection":[{"href":"https:\/\/plushair.cl\/landing\/wp-json\/wp\/v2\/pages"}],"about":[{"href":"https:\/\/plushair.cl\/landing\/wp-json\/wp\/v2\/types\/page"}],"author":[{"embeddable":true,"href":"https:\/\/plushair.cl\/landing\/wp-json\/wp\/v2\/users\/1"}],"replies":[{"embeddable":true,"href":"https:\/\/plushair.cl\/landing\/wp-json\/wp\/v2\/comments?post=2131"}],"version-history":[{"count":42,"href":"https:\/\/plushair.cl\/landing\/wp-json\/wp\/v2\/pages\/2131\/revisions"}],"predecessor-version":[{"id":2364,"href":"https:\/\/plushair.cl\/landing\/wp-json\/wp\/v2\/pages\/2131\/revisions\/2364"}],"wp:attachment":[{"href":"https:\/\/plushair.cl\/landing\/wp-json\/wp\/v2\/media?parent=2131"}],"curies":[{"name":"wp","href":"https:\/\/api.w.org\/{rel}","templated":true}]}}